{"id":123,"date":"2019-03-28T10:32:51","date_gmt":"2019-03-28T10:32:51","guid":{"rendered":"https:\/\/take5steps.com\/?page_id=123"},"modified":"2019-06-13T10:38:13","modified_gmt":"2019-06-13T10:38:13","slug":"por-que-take5steps","status":"publish","type":"page","link":"https:\/\/take5steps.com\/spanish\/por-que-take5steps\/","title":{"rendered":"Por qu\u00e9 Take5steps"},"content":{"rendered":"<p>[vc_row type=\u00bbfull-nopad\u00bb css=\u00bb.vc_custom_1560281670933{background-color: #27a9f4 !important;}\u00bb][vc_column width=\u00bb1\/4&#8243;][\/vc_column][vc_column width=\u00bb1\/2&#8243;][vc_column_text]<img loading=\"lazy\" decoding=\"async\" class=\"alignnone size-full wp-image-396\" src=\"https:\/\/take5steps.com\/spanish\/wp-content\/uploads\/2019\/06\/curso-de-ingles-take-5-steps-egresados-edicion.jpg\" alt=\"\" width=\"1000\" height=\"343\" srcset=\"https:\/\/take5steps.com\/spanish\/wp-content\/uploads\/2019\/06\/curso-de-ingles-take-5-steps-egresados-edicion.jpg 1000w, https:\/\/take5steps.com\/spanish\/wp-content\/uploads\/2019\/06\/curso-de-ingles-take-5-steps-egresados-edicion-300x103.jpg 300w, https:\/\/take5steps.com\/spanish\/wp-content\/uploads\/2019\/06\/curso-de-ingles-take-5-steps-egresados-edicion-768x263.jpg 768w\" sizes=\"auto, (max-width: 1000px) 100vw, 1000px\" \/>[\/vc_column_text][\/vc_column][vc_column width=\u00bb1\/4&#8243;][\/vc_column][\/vc_row][vc_row type=\u00bbfull-nopad\u00bb css=\u00bb.vc_custom_1560303631625{background-color: #ededed !important;}\u00bb][vc_column width=\u00bb1\/4&#8243;][\/vc_column][vc_column width=\u00bb1\/2&#8243;][vc_empty_space height=\u00bb45px\u00bb][vc_column_text]<\/p>\n<h3 style=\"text-align: left;\"><strong><span lang=\"en\" tabindex=\"0\">Aprender con T<\/span><\/strong><strong>ake5steps.com<\/strong><\/h3>\n<h3 style=\"text-align: left;\"><\/h3>\n<p>[\/vc_column_text][vc_column_text]<strong>Take5steps.com <\/strong>es una unidad de negocios perteneciente a Bureaucom LLC dedicada a la capacitaci\u00f3n integral y al desarrollo profesional.[\/vc_column_text][vc_empty_space height=\u00bb45px\u00bb][\/vc_column][vc_column width=\u00bb1\/4&#8243;][\/vc_column][\/vc_row][vc_row type=\u00bbfull-nopad\u00bb max_width=\u00bb1300&#8243;][vc_column width=\u00bb1\/2&#8243;][vc_empty_space height=\u00bb45px\u00bb][vc_column_text]<strong>Experiencia en capacitaci\u00f3n<\/strong>[\/vc_column_text][vc_empty_space height=\u00bb35px\u00bb][vc_separator accent_color=\u00bb#aac810&#8243;][vc_empty_space height=\u00bb35px\u00bb][vc_column_text]Por medio de nuestra unidad de negocio, take5steps.com, brindamos servicios de capacitaci\u00f3n en idiomas a adultos no nativos que se proponen aprender ingl\u00e9s para perfeccionarse en sus \u00e1reas de trabajo y desenvolverse en situaciones cotidianas de la vida.[\/vc_column_text][vc_empty_space height=\u00bb45px\u00bb][\/vc_column][vc_column width=\u00bb1\/2&#8243;][vc_empty_space height=\u00bb45px\u00bb][vc_column_text]<img loading=\"lazy\" decoding=\"async\" class=\"alignnone size-full wp-image-380\" src=\"https:\/\/take5steps.com\/english\/wp-content\/uploads\/2019\/06\/curso-de-ingles-take-5-steps-experiencia.jpg\" alt=\"\" width=\"800\" height=\"548\" \/>[\/vc_column_text][vc_empty_space height=\u00bb45px\u00bb][\/vc_column][\/vc_row][vc_row type=\u00bbfull-nopad\u00bb max_width=\u00bb1300&#8243;][vc_column][vc_empty_space height=\u00bb45px\u00bb][vc_separator accent_color=\u00bb#0092e8&#8243;][vc_empty_space height=\u00bb45px\u00bb][\/vc_column][\/vc_row][vc_row type=\u00bbfull-nopad\u00bb max_width=\u00bb1300&#8243;][vc_column width=\u00bb1\/2&#8243;][vc_empty_space height=\u00bb45px\u00bb][vc_column_text]<img loading=\"lazy\" decoding=\"async\" class=\"alignnone size-full wp-image-394\" src=\"https:\/\/take5steps.com\/english\/wp-content\/uploads\/2019\/06\/curso-de-ingles-take-5-steps-intercultural.jpg\" alt=\"\" width=\"800\" height=\"548\" \/>[\/vc_column_text][vc_empty_space height=\u00bb45px\u00bb][\/vc_column][vc_column width=\u00bb1\/2&#8243;][vc_empty_space height=\u00bb45px\u00bb][vc_column_text]<strong>Integraci\u00f3n Intercultural<\/strong>[\/vc_column_text][vc_empty_space height=\u00bb35px\u00bb][vc_separator accent_color=\u00bb#aac810&#8243;][vc_empty_space height=\u00bb35px\u00bb][vc_column_text]Entrenamos a profesionales de otras nacionalidades en los idiomas de ingl\u00e9s y\/o espa\u00f1ol e incorporamos hablantes nativos de otras nacionalidades a nuestro equipo de trabajo. Transmitimos de esta manera no s\u00f3lo una formaci\u00f3n acad\u00e9mica sino que tambi\u00e9n una interacci\u00f3n cultural.[\/vc_column_text][vc_empty_space height=\u00bb45px\u00bb][\/vc_column][\/vc_row][vc_row type=\u00bbfull-nopad\u00bb max_width=\u00bb1300&#8243;][vc_column][vc_empty_space height=\u00bb45px\u00bb][vc_separator accent_color=\u00bb#0092e8&#8243;][vc_empty_space height=\u00bb45px\u00bb][\/vc_column][\/vc_row][vc_row type=\u00bbfull-nopad\u00bb max_width=\u00bb1300&#8243;][vc_column][vc_empty_space height=\u00bb65px\u00bb][vc_column_text]<strong>Nuestros recursos<\/strong>[\/vc_column_text][vc_empty_space height=\u00bb35px\u00bb][vc_separator accent_color=\u00bb#aac810&#8243;][vc_empty_space height=\u00bb35px\u00bb][vc_column_text]<strong>Take5steps cuenta con una amplia variedad de textos y hoy en d\u00eda creemos que es de suma importancia utilizar m\u00e1s y m\u00e1s las herramientas que la tecnolog\u00eda e Internet en particular nos brindan.<\/strong> Optimizar los recursos disponibles es esencial en un modelo \u00e1gil y din\u00e1mico de capacitaci\u00f3n. En la medida en que este acceso sea posible en Los puestos de trabajo e nuestros clientes utilizamos dichos recursos. Intentamos de cualquier manera utilizar todas aquellas herramientas disponibles a modo de potenciar el material tradicional que acompa\u00f1a la ense\u00f1anza.<\/p>\n<p>Entendemos tambi\u00e9n la importancia de trabajar con marcadores internacionales de ingl\u00e9s de negocios a fin de que cada participante pueda acceder a un diagn\u00f3stico r\u00e1pido de sus propias habilidades dentro del idioma. Es de suma utilidad poder enviar los links de material de inter\u00e9s para los participantes y acceder a dicha informaci\u00f3n durante las clases. Hemos comprobado que el material aut\u00e9ntico extra\u00eddo de sus actividades diarias, peri\u00f3dicos, revistas, p\u00e1ginas de internet, entre otros, es un excelente valor agregado para los alumnos.[\/vc_column_text][vc_empty_space height=\u00bb45px\u00bb][vc_empty_space height=\u00bb45px\u00bb][vc_empty_space height=\u00bb45px\u00bb][\/vc_column][\/vc_row]<\/p>\n","protected":false},"excerpt":{"rendered":"<p>[vc_row type=\u00bbfull-nopad\u00bb css=\u00bb.vc_custom_1560281670933{background-color: #27a9f4 !important;}\u00bb][vc_column width=\u00bb1\/4&#8243;][\/vc_column][vc_column width=\u00bb1\/2&#8243;][vc_column_text][\/vc_column_text][\/vc_column][vc_column width=\u00bb1\/4&#8243;][\/vc_column][\/vc_row][vc_row type=\u00bbfull-nopad\u00bb css=\u00bb.vc_custom_1560303631625{background-color: #ededed !important;}\u00bb][vc_column width=\u00bb1\/4&#8243;][\/vc_column][vc_column width=\u00bb1\/2&#8243;][vc_empty_space height=\u00bb45px\u00bb][vc_column_text] Aprender con Take5steps.com [\/vc_column_text][vc_column_text]Take5steps.com es una unidad de negocios perteneciente a Bureaucom LLC dedicada a la capacitaci\u00f3n integral y al desarrollo profesional.[\/vc_column_text][vc_empty_space height=\u00bb45px\u00bb][\/vc_column][vc_column width=\u00bb1\/4&#8243;][\/vc_column][\/vc_row][vc_row type=\u00bbfull-nopad\u00bb max_width=\u00bb1300&#8243;][vc_column width=\u00bb1\/2&#8243;][vc_empty_space height=\u00bb45px\u00bb][vc_column_text]Experiencia en capacitaci\u00f3n[\/vc_column_text][vc_empty_space height=\u00bb35px\u00bb][vc_separator accent_color=\u00bb#aac810&#8243;][vc_empty_space height=\u00bb35px\u00bb][vc_column_text]Por medio de nuestra unidad de negocio, take5steps.com, &hellip;<\/p>\n","protected":false},"author":2,"featured_media":0,"parent":0,"menu_order":0,"comment_status":"closed","ping_status":"closed","template":"templates\/page-full.php","meta":{"footnotes":""},"class_list":["post-123","page","type-page","status-publish","hentry"],"_links":{"self":[{"href":"https:\/\/take5steps.com\/spanish\/wp-json\/wp\/v2\/pages\/123","targetHints":{"allow":["GET"]}}],"collection":[{"href":"https:\/\/take5steps.com\/spanish\/wp-json\/wp\/v2\/pages"}],"about":[{"href":"https:\/\/take5steps.com\/spanish\/wp-json\/wp\/v2\/types\/page"}],"author":[{"embeddable":true,"href":"https:\/\/take5steps.com\/spanish\/wp-json\/wp\/v2\/users\/2"}],"replies":[{"embeddable":true,"href":"https:\/\/take5steps.com\/spanish\/wp-json\/wp\/v2\/comments?post=123"}],"version-history":[{"count":1,"href":"https:\/\/take5steps.com\/spanish\/wp-json\/wp\/v2\/pages\/123\/revisions"}],"predecessor-version":[{"id":403,"href":"https:\/\/take5steps.com\/spanish\/wp-json\/wp\/v2\/pages\/123\/revisions\/403"}],"wp:attachment":[{"href":"https:\/\/take5steps.com\/spanish\/wp-json\/wp\/v2\/media?parent=123"}],"curies":[{"name":"wp","href":"https:\/\/api.w.org\/{rel}","templated":true}]}}